{"id":3438,"date":"2025-05-28T16:39:44","date_gmt":"2025-05-28T14:39:44","guid":{"rendered":"https:\/\/nexa-energyafrica.com\/design-office\/"},"modified":"2026-03-24T11:37:22","modified_gmt":"2026-03-24T10:37:22","slug":"design-office","status":"publish","type":"page","link":"https:\/\/nexa-energyafrica.ma\/en\/design-office\/","title":{"rendered":"Design office"},"content":{"rendered":"<section class=\"l-section wpb_row us_custom_6df4bc3a heroBanner has_text_color height_large full_height valign_center with_img\"><div class=\"l-section-img\" role=\"img\" data-img-width=\"2560\" data-img-height=\"1440\" style=\"background-image: url(https:\/\/nexa-energyafrica.ma\/wp-content\/uploads\/sites\/23\/2025\/06\/DJI_20250624123010_0053_D-scaled-e1751006738450.jpg);background-repeat: no-repeat;\"><\/div><div class=\"l-section-overlay\" style=\"background:rgba(0,0,0,0.60)\"><\/div><div class=\"l-section-h i-cf\"><div class=\"g-cols vc_row via_grid cols_1 laptops-cols_inherit tablets-cols_inherit mobiles-cols_1 valign_top type_default stacking_default\"><div class=\"wpb_column vc_column_container\"><div class=\"vc_column-inner\"><div class=\"w-popup play hide_on_default hide_on_laptops hide_on_tablets hide_on_mobiles align_center\"><button class=\"w-popup-trigger type_icon\" aria-label=\"Popup\"><i class=\"fas fa-play\"><\/i><\/button><div class=\"w-popup-overlay\" style=\"background:rgba(28,34,79,0.85);\"><\/div><div class=\"w-popup-wrap layout_fullscreen\" style=\"--title-color:var(--color-content-heading);--title-bg-color:var(--color-content-bg-alt);--content-color:var(--color-content-text);--content-bg-color:;--closer-color:#ffffff;--popup-width:600px;\"><div class=\"w-popup-box animation_fadeIn closerpos_outside without_title\"><div class=\"w-popup-box-h\"><div class=\"w-popup-box-content\"><style data-type=\"us_custom-css\">.bloc-video{overflow-y:hidden!important}<\/style><section class=\"l-section wpb_row us_custom_62f661de bloc-video height_auto full_height valign_center width_full\"><div class=\"l-section-h i-cf\"><div class=\"g-cols vc_row via_grid cols_1 laptops-cols_inherit tablets-cols_inherit mobiles-cols_1 valign_top type_default stacking_default\"><div class=\"wpb_column vc_column_container\"><div class=\"vc_column-inner\"><div class=\"w-video align_center ratio_16x9 has_iframe\"><div class=\"w-video-h\"><iframe title=\"Youtube video player\" src=\"\" data-src=\"\/\/www.youtube.com\/embed\/5NV6Rdv1a3I?autoplay=1&controls=1&origin=https:\/\/nexa-energyafrica.ma\/en\/&loop=0&mute=0\" allowfullscreen=\"1\" loading=\"lazy\"><\/iframe><\/div><div class=\"w-video-icon\" style=\"font-size:1.5rem;background:rgba(0,0,0,0.5);color:#fff\"><\/div><\/div><\/div><\/div><\/div><\/div><\/section>\n<\/div><\/div><\/div><div class=\"w-popup-closer\"><\/div><\/div><\/div><div class=\"w-vwrapper align_none valign_top\"><h4 class=\"w-text us_custom_e6c4af52\"><span class=\"w-text-h\"><span class=\"w-text-value\">Design office<\/span><\/span><\/h4><div class=\"w-text us_custom_4621708f\"><span class=\"w-text-h\"><span class=\"w-text-value\">At Nexa Energy Africa, our engineering and design department designs, innovates and moves forward alongside you to create the energy of tomorrow.<\/span><\/span><\/div><\/div><div class=\"w-iconbox us_custom_965ef6bb iconpos_top style_default color_custom align_center no_text no_title\"><div class=\"w-iconbox-icon\" style=\"font-size:3rem;--icon-color:#FFFFFF;--icon-bg-color:#FFFFFF;\"><i class=\"far fa-arrow-down\"><\/i><\/div><div class=\"w-iconbox-meta\"><\/div><\/div><\/div><\/div><\/div><\/div><\/section><section class=\"l-section wpb_row height_large\"><div class=\"l-section-h i-cf\"><div class=\"g-cols vc_row via_grid cols_1 laptops-cols_inherit tablets-cols_inherit mobiles-cols_1 valign_top type_default stacking_default\"><div class=\"wpb_column vc_column_container\"><div class=\"vc_column-inner\"><div class=\"g-cols wpb_row via_grid cols_2 laptops-cols_inherit tablets-cols_inherit mobiles-cols_1 valign_middle type_default stacking_default\" style=\"--gap:3rem;\"><div class=\"wpb_column vc_column_container\"><div class=\"vc_column-inner\">[vc_custom_heading text=&#8221;An approach focused<br \/>\non your expectations&#8221; font_container=&#8221;tag:h4|font_size:34px|text_align:left&#8221; use_theme_fonts=&#8221;yes&#8221;]<div class=\"w-separator size_medium\"><\/div><div class=\"wpb_text_column us_custom_8c76d458\"><div class=\"wpb_wrapper\"><p>Our team of qualified engineers and technicians work closely with you to analyze your requirements and turn your ideas into concrete solutions. Each project is designed to be efficient, robust and environmentally friendly, guaranteeing a positive impact on your business and the planet.<\/p>\n<\/div><\/div><\/div><\/div><div class=\"wpb_column vc_column_container\"><div class=\"vc_column-inner\"><div class=\"w-image has_ratio align_none\"><div class=\"w-image-h\"><div style=\"padding-bottom:100%\"><\/div><img decoding=\"async\" width=\"1024\" height=\"1024\" src=\"https:\/\/nexa-energyafrica.ma\/wp-content\/uploads\/sites\/23\/2025\/06\/Photos-Linkedin-6-1024x1024.jpg\" class=\"attachment-large size-large\" alt=\"\" loading=\"lazy\" \/><\/div><\/div><\/div><\/div><\/div><\/div><\/div><\/div><\/div><\/section><section class=\"l-section wpb_row height_large\"><div class=\"l-section-h i-cf\"><div class=\"g-cols vc_row via_grid cols_1 laptops-cols_inherit tablets-cols_inherit mobiles-cols_1 valign_top type_default stacking_default\"><div class=\"wpb_column vc_column_container\"><div class=\"vc_column-inner\"><div class=\"g-cols wpb_row via_grid cols_2 laptops-cols_inherit tablets-cols_inherit mobiles-cols_1 valign_middle type_default reversed stacking_default\" style=\"--gap:3rem;\"><div class=\"wpb_column vc_column_container\"><div class=\"vc_column-inner\"><div class=\"w-image has_ratio align_none\"><div class=\"w-image-h\"><div style=\"padding-bottom:100%\"><\/div><img decoding=\"async\" width=\"1024\" height=\"1024\" src=\"https:\/\/nexa-energyafrica.ma\/wp-content\/uploads\/sites\/23\/2026\/02\/Photos-Linkedin-73-1024x1024.jpg\" class=\"attachment-large size-large\" alt=\"\" loading=\"lazy\" \/><\/div><\/div><\/div><\/div><div class=\"wpb_column vc_column_container\"><div class=\"vc_column-inner\">[vc_custom_heading text=&#8221;Innovative, sustainable energy solutions&#8221; font_container=&#8221;tag:h4|font_size:34px|text_align:left&#8221; use_theme_fonts=&#8221;yes&#8221;]<div class=\"w-separator size_medium\"><\/div><div class=\"wpb_text_column us_custom_8c76d458\"><div class=\"wpb_wrapper\"><p>Thanks to our know-how, we are able to design tailor-made projects: hybrid solutions to meet your energy needs and temporary power distribution systems adapted to your events. Each project is part of an approach focused on innovation and energy transition.<\/p>\n<\/div><\/div><\/div><\/div><\/div><\/div><\/div><\/div><\/div><\/section><section class=\"l-section wpb_row us_custom_eb31e0f3 height_large\"><div class=\"l-section-h i-cf\"><div class=\"g-cols vc_row via_grid cols_1 laptops-cols_inherit tablets-cols_inherit mobiles-cols_1 valign_top type_default stacking_default\"><div class=\"wpb_column vc_column_container\"><div class=\"vc_column-inner\">[vc_custom_heading text=&#8221;Why choose our design office?&#8221; font_container=&#8221;tag:h2|font_size:34px|text_align:left&#8221; use_theme_fonts=&#8221;yes&#8221; css=&#8221;%7B%22default%22%3A%7B%22padding-left%22%3A%229.5%25%22%2C%22padding-right%22%3A%2210.5%25%22%7D%7D&#8221;]<div class=\"w-separator size_small\"><\/div><div class=\"g-cols wpb_row via_grid cols_3 laptops-cols_inherit tablets-cols_inherit mobiles-cols_1 valign_top type_default stacking_default\" style=\"--gap:20px;\"><div class=\"wpb_column vc_column_container us_custom_4258d657\"><div class=\"vc_column-overlay\" style=\"background:#FFFFFF\"><\/div><div class=\"vc_column-inner\"><div class=\"w-image has_ratio align_none\"><div class=\"w-image-h\"><div style=\"padding-bottom:66.6667%\"><\/div><img decoding=\"async\" width=\"1024\" height=\"576\" src=\"https:\/\/nexa-energyafrica.ma\/wp-content\/uploads\/sites\/23\/2025\/06\/DJI_20250624113441_0031_D-1024x576.jpg\" class=\"attachment-large size-large\" alt=\"\" loading=\"lazy\" \/><\/div><\/div><div class=\"w-separator size_small\"><\/div>[vc_custom_heading text=&#8221;Total customization&#8221; font_container=&#8221;tag:p|font_size:16px|text_align:left&#8221; use_theme_fonts=&#8221;yes&#8221; css=&#8221;%7B%22default%22%3A%7B%22color%22%3A%22_b900%22%2C%22font-size%22%3A%2216px%22%2C%22line-height%22%3A%22120%25%22%2C%22font-weight%22%3A%22600%22%2C%22margin-bottom%22%3A%228px%22%7D%7D&#8221;]<div class=\"wpb_text_column us_custom_26a7638f has_text_color\"><div class=\"wpb_wrapper\"><p>We tailor every project to your technical, aesthetic and environmental needs.<\/p>\n<\/div><\/div><\/div><\/div><div class=\"wpb_column vc_column_container us_custom_4258d657\"><div class=\"vc_column-overlay\" style=\"background:#FFFFFF\"><\/div><div class=\"vc_column-inner\"><div class=\"w-image has_ratio align_none\"><div class=\"w-image-h\"><div style=\"padding-bottom:66.6667%\"><\/div><img decoding=\"async\" width=\"1024\" height=\"768\" src=\"https:\/\/nexa-energyafrica.ma\/wp-content\/uploads\/sites\/23\/2025\/06\/20250624_104222-1024x768.jpg\" class=\"attachment-large size-large\" alt=\"\" loading=\"lazy\" \/><\/div><\/div><div class=\"w-separator size_small\"><\/div>[vc_custom_heading text=&#8221;Expertise&#8221; font_container=&#8221;tag:p|font_size:16px|text_align:left&#8221; use_theme_fonts=&#8221;yes&#8221; css=&#8221;%7B%22default%22%3A%7B%22color%22%3A%22_b900%22%2C%22font-size%22%3A%2216px%22%2C%22line-height%22%3A%22120%25%22%2C%22font-weight%22%3A%22600%22%2C%22margin-bottom%22%3A%228px%22%7D%7D&#8221;]<div class=\"wpb_text_column us_custom_26a7638f has_text_color\"><div class=\"wpb_wrapper\"><p>Our team masters all green energy technologies.<\/p>\n<\/div><\/div><\/div><\/div><div class=\"wpb_column vc_column_container us_custom_4258d657\"><div class=\"vc_column-overlay\" style=\"background:#FFFFFF\"><\/div><div class=\"vc_column-inner\"><div class=\"w-image has_ratio align_none\"><div class=\"w-image-h\"><div style=\"padding-bottom:66.6667%\"><\/div><img decoding=\"async\" width=\"1024\" height=\"576\" src=\"https:\/\/nexa-energyafrica.ma\/wp-content\/uploads\/sites\/23\/2025\/06\/DJI_20250624114109_0040_D-1024x576.jpg\" class=\"attachment-large size-large\" alt=\"\" loading=\"lazy\" \/><\/div><\/div><div class=\"w-separator size_small\"><\/div>[vc_custom_heading text=&#8221;Comprehensive support&#8221; font_container=&#8221;tag:p|font_size:16px|text_align:left&#8221; use_theme_fonts=&#8221;yes&#8221; css=&#8221;%7B%22default%22%3A%7B%22color%22%3A%22_b900%22%2C%22font-size%22%3A%2216px%22%2C%22line-height%22%3A%22120%25%22%2C%22font-weight%22%3A%22600%22%2C%22margin-bottom%22%3A%228px%22%7D%7D&#8221;]<div class=\"wpb_text_column us_custom_26a7638f has_text_color\"><div class=\"wpb_wrapper\"><p>From design to implementation, we&#8217;re with you every step of the way to ensure the success of your project.<\/p>\n<\/div><\/div><\/div><\/div><\/div><div class=\"w-separator size_medium\"><\/div><div class=\"wpb_text_column us_custom_872b2d6f has_text_color\"><div class=\"wpb_wrapper\"><p>With Nexa Energy Africa, choose a committed and visionary partner to turn your energy ambitions into reality.<\/p>\n<\/div><\/div><\/div><\/div><\/div><\/div><\/section><section class=\"l-section wpb_row us_custom_488112e7 height_large width_full\"><div class=\"l-section-h i-cf\"><div class=\"g-cols vc_row via_grid cols_1 laptops-cols_inherit tablets-cols_inherit mobiles-cols_1 valign_top type_default stacking_default\"><div class=\"wpb_column vc_column_container\"><div class=\"vc_column-inner\"><style data-type=\"us_custom-css\">.map_wrapper{max-width:100%!important;margin:0;transform-origin:30% 70%;overflow:hidden;z-index:1}.block-map{z-index:2;overflow:hidden}.map_wrapper,.map_box,.map_aspect_ratio,.map_container,.map_render{position:relative;overflow:hidden}<\/style><section class=\"l-section wpb_row us_custom_f88e22ee block-map height_large width_full\"><div class=\"l-section-h i-cf\"><div class=\"g-cols vc_row via_grid cols_5-7 laptops-cols_inherit tablets-cols_inherit mobiles-cols_1 valign_middle type_default stacking_default\"><div class=\"wpb_column vc_column_container\"><div class=\"vc_column-inner\">[vc_custom_heading text=&#8221;national and international&#8221; font_container=&#8221;tag:h2|text_align:left|color:%23000000&#8243; use_theme_fonts=&#8221;yes&#8221; css=&#8221;%7B%22default%22%3A%7B%22font-size%22%3A%2236px%22%2C%22margin-top%22%3A%220%22%2C%22margin-bottom%22%3A%220%22%2C%22padding-top%22%3A%220%22%2C%22padding-bottom%22%3A%220%22%7D%2C%22laptops%22%3A%7B%22font-size%22%3A%2236px%22%7D%2C%22tablets%22%3A%7B%22font-size%22%3A%2224px%22%7D%2C%22mobiles%22%3A%7B%22font-size%22%3A%2224px%22%7D%7D&#8221;]<div class=\"w-separator size_custom\" style=\"height:40px\"><\/div><div class=\"wpb_text_column us_custom_fdcab3db\"><div class=\"wpb_wrapper\"><p data-pm-slice=\"1 1 &#091;&#093;\">Our manufacturing plant, located in Casablanca, enables us to design and produce quality solutions, while controlling our entire production chain.<\/p>\n<p>From this site, we export our know-how to Africa and the Middle East, with personalized support tailored to the needs of each market.<\/p>\n<p>The energy transition is a global challenge: we cross borders to support our customers wherever they need us.<\/p>\n<p><strong>Together, let&#8217;s move towards a low-carbon, borderless future.<\/strong><\/p>\n<\/div><\/div><div class=\"w-separator size_custom\" style=\"height:40px\"><\/div><div class=\"w-separator size_custom\" style=\"height:40px\"><\/div><div class=\"w-btn-wrapper align_none\"><a class=\"w-btn us-btn-style_1\" href=\"https:\/\/nexa-energyafrica.com\/en\/contact\/\"><span class=\"w-btn-label\">Contact us<\/span><\/a><\/div><\/div><\/div><div class=\"wpb_column vc_column_container\"><div class=\"vc_column-inner\"><div class=\"w-html\"><div class=\"map_wrapper\" id=\"map_wrapper_343\">\n<div class=\"map_box\" style=\"max-width:2200px\">\n<div class=\"map_aspect_ratio\" style=\"padding-top:100%\" data-padding-top=\"100%\" data-padding-top-mobile=\"100%\">\n<div class=\"map_container\">\n<div class=\"map_render map_loading\" id=\"map_343\"><\/div>\n<\/div>\n<\/div>\n<\/div>\n<\/div><\/div><\/div><\/div><\/div><\/div><\/section>\n<\/div><\/div><\/div><\/div><\/section>\n","protected":false},"excerpt":{"rendered":"Design officeAt Nexa Energy Africa, our engineering and design department designs, innovates and moves forward alongside you to create the energy of tomorrow.[vc_custom_heading text=\"An approach focused on your expectations\" font_container=\"tag:h4|font_size:34px|text_align:left\" use_theme_fonts=\"yes\"]Our team of qualified engineers and technicians work closely with you to analyze your requirements and turn your ideas into concrete solutions. Each project is...","protected":false},"author":5,"featured_media":0,"parent":0,"menu_order":0,"comment_status":"closed","ping_status":"closed","template":"","meta":{"_acf_changed":false,"footnotes":""},"class_list":["post-3438","page","type-page","status-publish","hentry"],"acf":[],"yoast_head":"<!-- This site is optimized with the Yoast SEO plugin v26.6 - https:\/\/yoast.com\/wordpress\/plugins\/seo\/ -->\n<title>Nexa Energy Africa - Innovateur en \u00c9clairage et \u00c9nergie d\u00e9carbon\u00e9e<\/title>\n<meta name=\"description\" content=\"Fond\u00e9 en 2007, le Revolt Groupe rassemble plus d&#039;une quarantaine de collaborateurs au sein de six agences en France.\" \/>\n<meta name=\"robots\" content=\"noindex, follow, max-snippet:-1, max-image-preview:large, max-video-preview:-1\" \/>\n<meta property=\"og:locale\" content=\"en_US\" \/>\n<meta property=\"og:type\" content=\"article\" \/>\n<meta property=\"og:title\" content=\"Nexa Energy Africa - Innovateur en \u00c9clairage et \u00c9nergie d\u00e9carbon\u00e9e\" \/>\n<meta property=\"og:description\" content=\"Fond\u00e9 en 2007, le Revolt Groupe rassemble plus d&#039;une quarantaine de collaborateurs au sein de six agences en France.\" \/>\n<meta property=\"og:url\" content=\"https:\/\/nexa-energyafrica.ma\/en\/design-office\/\" \/>\n<meta property=\"og:site_name\" content=\"Nexa Energy Africa\" \/>\n<meta property=\"article:modified_time\" content=\"2026-03-24T10:37:22+00:00\" \/>\n<meta name=\"twitter:card\" content=\"summary_large_image\" \/>\n<meta name=\"twitter:label1\" content=\"Est. reading time\" \/>\n\t<meta name=\"twitter:data1\" content=\"5 minutes\" \/>\n<script type=\"application\/ld+json\" class=\"yoast-schema-graph\">{\"@context\":\"https:\/\/schema.org\",\"@graph\":[{\"@type\":\"WebPage\",\"@id\":\"https:\/\/nexa-energyafrica.ma\/en\/design-office\/\",\"url\":\"https:\/\/nexa-energyafrica.ma\/en\/design-office\/\",\"name\":\"Nexa Energy Africa - Innovateur en \u00c9clairage et \u00c9nergie d\u00e9carbon\u00e9e\",\"isPartOf\":{\"@id\":\"https:\/\/nexa-energyafrica.ma\/en\/#website\"},\"datePublished\":\"2025-05-28T14:39:44+00:00\",\"dateModified\":\"2026-03-24T10:37:22+00:00\",\"description\":\"Fond\u00e9 en 2007, le Revolt Groupe rassemble plus d'une quarantaine de collaborateurs au sein de six agences en France.\",\"breadcrumb\":{\"@id\":\"https:\/\/nexa-energyafrica.ma\/en\/design-office\/#breadcrumb\"},\"inLanguage\":\"en-US\",\"potentialAction\":[{\"@type\":\"ReadAction\",\"target\":[\"https:\/\/nexa-energyafrica.ma\/en\/design-office\/\"]}]},{\"@type\":\"BreadcrumbList\",\"@id\":\"https:\/\/nexa-energyafrica.ma\/en\/design-office\/#breadcrumb\",\"itemListElement\":[{\"@type\":\"ListItem\",\"position\":1,\"name\":\"Home\",\"item\":\"https:\/\/nexa-energyafrica.ma\/en\/\"},{\"@type\":\"ListItem\",\"position\":2,\"name\":\"Design office\"}]},{\"@type\":\"WebSite\",\"@id\":\"https:\/\/nexa-energyafrica.ma\/en\/#website\",\"url\":\"https:\/\/nexa-energyafrica.ma\/en\/\",\"name\":\"Nexa Energy Africa\",\"description\":\"\",\"potentialAction\":[{\"@type\":\"SearchAction\",\"target\":{\"@type\":\"EntryPoint\",\"urlTemplate\":\"https:\/\/nexa-energyafrica.ma\/en\/?s={search_term_string}\"},\"query-input\":{\"@type\":\"PropertyValueSpecification\",\"valueRequired\":true,\"valueName\":\"search_term_string\"}}],\"inLanguage\":\"en-US\"}]}<\/script>\n<!-- \/ Yoast SEO plugin. -->","yoast_head_json":{"title":"Nexa Energy Africa - Innovateur en \u00c9clairage et \u00c9nergie d\u00e9carbon\u00e9e","description":"Fond\u00e9 en 2007, le Revolt Groupe rassemble plus d'une quarantaine de collaborateurs au sein de six agences en France.","robots":{"index":"noindex","follow":"follow","max-snippet":"max-snippet:-1","max-image-preview":"max-image-preview:large","max-video-preview":"max-video-preview:-1"},"og_locale":"en_US","og_type":"article","og_title":"Nexa Energy Africa - Innovateur en \u00c9clairage et \u00c9nergie d\u00e9carbon\u00e9e","og_description":"Fond\u00e9 en 2007, le Revolt Groupe rassemble plus d'une quarantaine de collaborateurs au sein de six agences en France.","og_url":"https:\/\/nexa-energyafrica.ma\/en\/design-office\/","og_site_name":"Nexa Energy Africa","article_modified_time":"2026-03-24T10:37:22+00:00","twitter_card":"summary_large_image","twitter_misc":{"Est. reading time":"5 minutes"},"schema":{"@context":"https:\/\/schema.org","@graph":[{"@type":"WebPage","@id":"https:\/\/nexa-energyafrica.ma\/en\/design-office\/","url":"https:\/\/nexa-energyafrica.ma\/en\/design-office\/","name":"Nexa Energy Africa - Innovateur en \u00c9clairage et \u00c9nergie d\u00e9carbon\u00e9e","isPartOf":{"@id":"https:\/\/nexa-energyafrica.ma\/en\/#website"},"datePublished":"2025-05-28T14:39:44+00:00","dateModified":"2026-03-24T10:37:22+00:00","description":"Fond\u00e9 en 2007, le Revolt Groupe rassemble plus d'une quarantaine de collaborateurs au sein de six agences en France.","breadcrumb":{"@id":"https:\/\/nexa-energyafrica.ma\/en\/design-office\/#breadcrumb"},"inLanguage":"en-US","potentialAction":[{"@type":"ReadAction","target":["https:\/\/nexa-energyafrica.ma\/en\/design-office\/"]}]},{"@type":"BreadcrumbList","@id":"https:\/\/nexa-energyafrica.ma\/en\/design-office\/#breadcrumb","itemListElement":[{"@type":"ListItem","position":1,"name":"Home","item":"https:\/\/nexa-energyafrica.ma\/en\/"},{"@type":"ListItem","position":2,"name":"Design office"}]},{"@type":"WebSite","@id":"https:\/\/nexa-energyafrica.ma\/en\/#website","url":"https:\/\/nexa-energyafrica.ma\/en\/","name":"Nexa Energy Africa","description":"","potentialAction":[{"@type":"SearchAction","target":{"@type":"EntryPoint","urlTemplate":"https:\/\/nexa-energyafrica.ma\/en\/?s={search_term_string}"},"query-input":{"@type":"PropertyValueSpecification","valueRequired":true,"valueName":"search_term_string"}}],"inLanguage":"en-US"}]}},"_links":{"self":[{"href":"https:\/\/nexa-energyafrica.ma\/en\/wp-json\/wp\/v2\/pages\/3438","targetHints":{"allow":["GET"]}}],"collection":[{"href":"https:\/\/nexa-energyafrica.ma\/en\/wp-json\/wp\/v2\/pages"}],"about":[{"href":"https:\/\/nexa-energyafrica.ma\/en\/wp-json\/wp\/v2\/types\/page"}],"author":[{"embeddable":true,"href":"https:\/\/nexa-energyafrica.ma\/en\/wp-json\/wp\/v2\/users\/5"}],"replies":[{"embeddable":true,"href":"https:\/\/nexa-energyafrica.ma\/en\/wp-json\/wp\/v2\/comments?post=3438"}],"version-history":[{"count":10,"href":"https:\/\/nexa-energyafrica.ma\/en\/wp-json\/wp\/v2\/pages\/3438\/revisions"}],"predecessor-version":[{"id":3477,"href":"https:\/\/nexa-energyafrica.ma\/en\/wp-json\/wp\/v2\/pages\/3438\/revisions\/3477"}],"wp:attachment":[{"href":"https:\/\/nexa-energyafrica.ma\/en\/wp-json\/wp\/v2\/media?parent=3438"}],"curies":[{"name":"wp","href":"https:\/\/api.w.org\/{rel}","templated":true}]}}